{"id":1581,"date":"2014-11-29T10:54:11","date_gmt":"2014-11-29T09:54:11","guid":{"rendered":"http:\/\/www.saskiavonhoegen.de\/die-agentur-saskia-von-hoegen-2\/"},"modified":"2023-05-24T13:22:49","modified_gmt":"2023-05-24T11:22:49","slug":"agencia-saskia-von-hoegen","status":"publish","type":"page","link":"https:\/\/www.saskiavonhoegen.de\/es\/agencia-saskia-von-hoegen\/","title":{"rendered":"La Agencia Saskia von Hoegen"},"content":{"rendered":"\n<div class=\"wp-block-columns alignwide is-layout-flex wp-container-core-columns-is-layout-9d6595d7 wp-block-columns-is-layout-flex\">\n<div class=\"wp-block-column is-layout-flow wp-block-column-is-layout-flow\" style=\"flex-basis:50%\"><div class=\"wp-block-image\">\n<figure class=\"alignleft size-large is-resized\"><img loading=\"lazy\" decoding=\"async\" src=\"https:\/\/www.saskiavonhoegen.de\/wp-content\/uploads\/2016\/08\/svh-literarische-agentur-logo-e1473925793378.jpg\" alt=\"svh-literarische-agentur-logo\" width=\"175\" height=\"202\"\/><\/figure>\n<\/div>\n\n\n<h3 class=\"wp-block-heading\">La agencia<\/h3>\n\n\n\n<p>La agencia literaria<em> SvH Literarische Agentur <\/em>con sede en Berlin representa a autores alemanes e hispanoparlantes a nivel mundial. Estamos especializados en <strong>literatura para adultos, jovenes y ni\u00f1os. <\/strong>Buscamos voces originales e historias bien contadas y nuestra funci\u00f3n como agente es apoyar a autores en su carrera literaria. Para ello contamos con larga experiencia internacional y una red de contactos efectivos.<\/p>\n\n\n\n<p>Acompa\u00f1amos las obras de nuestros autores <strong>desde la idea hasta la publicaci\u00f3n del libro<\/strong> y nos ocupamos de contratos y liquidaciones. La agencia s\u00f3lo cobra comisiones sobre el \u00e9xito del trabajo.<\/p>\n\n\n\n<p>Tambi\u00e9n representamos como<strong> Co-Agencia a diferentes editoriales y agencias espa\u00f1olas en Alemania y en los Pa\u00edses Bajos<\/strong>. Como Co-agentes abarcamos desde obras de ficci\u00f3n y no-ficci\u00f3n para adultos hasta la literatura infantil y juvenil. Un \u00e9xito clave fue la venta de los derechos de publicaci\u00f3n en alem\u00e1n del libro <em>La Catedral del mar<\/em> de <em>Ildefonso Falcones <\/em>que fue publicado con el t\u00edtulo <em>Die Kathedrale des Meeres <\/em>por Fischer Verlag y estuvo durante varias semanas en la lista de bestseller de <em>Der Spiegel<\/em>. <\/p>\n\n\n\n<p>Han seguido otras historias de \u00e9xito como la de <em>Amor en min\u00fascula<\/em> de Francesc Miralles, publicado por Ullstein List que se convirti\u00f3 en un longseller y de <em>Piedra, papel o tijera<\/em> de In\u00e9s Garland, obra publicada por Fischer KJB, la cual fue galardonada con el premio <em>Deutscher Jugenliteraturpreis 2014 <\/em>(<a title=\"In\u00e9s Garland \u2013 Deutscher Jugendliteraturpreis 2014\" href=\"https:\/\/www.saskiavonhoegen.de\/ines-garland-deutscher-jugendliteraturpreis-2014\/\">Deutscher Jugendliteraturpreis 2014<\/a>).<\/p>\n\n\n\n<h3 class=\"wp-block-heading\">La agente<\/h3>\n\n\n<div class=\"wp-block-image\">\n<figure class=\"alignleft\"><img loading=\"lazy\" decoding=\"async\" width=\"300\" height=\"200\" src=\"https:\/\/www.saskiavonhoegen.de\/wp-content\/uploads\/2019\/10\/Die_Agentin_sw-300x200.jpg\" alt=\"\" class=\"wp-image-4038\" srcset=\"https:\/\/www.saskiavonhoegen.de\/wp-content\/uploads\/2019\/10\/Die_Agentin_sw-300x200.jpg 300w, https:\/\/www.saskiavonhoegen.de\/wp-content\/uploads\/2019\/10\/Die_Agentin_sw-768x513.jpg 768w, https:\/\/www.saskiavonhoegen.de\/wp-content\/uploads\/2019\/10\/Die_Agentin_sw-1024x684.jpg 1024w, https:\/\/www.saskiavonhoegen.de\/wp-content\/uploads\/2019\/10\/Die_Agentin_sw.jpg 1150w\" sizes=\"auto, (max-width: 300px) 100vw, 300px\" \/><\/figure>\n<\/div>\n\n\n<p>Saskia von Hoegen estudi\u00f3 Filolog\u00eda Rom\u00e1nica y Derecho P\u00fablico Internacional en Bonn y Madrid, con doctorado en Literatura Hisp\u00e1nica. Entre el 2000 y el 2004 trabaj\u00f3 en Madrid en la Editorial punto de lectura, como responsable de los derechos y la acquisici\u00f3n y traducci\u00f3n de t\u00edtulos internacionales. En el 2005 regresa a Alemania como agente literaria representando t\u00edtulos en castellano en el mercado alem\u00e1n. Desde el 2006 hasta hoy, viene trabajando desde su propia agencia <em>SvH Literarische Agentur<\/em> con sede en Berl\u00edn.<\/p>\n\n\n\n<div style=\"height:40px\" aria-hidden=\"true\" class=\"wp-block-spacer\"><\/div>\n\n\n\n<p><strong>Lea Meissner para SvH<\/strong><\/p>\n\n\n<div class=\"wp-block-image\">\n<figure class=\"alignleft\"><img loading=\"lazy\" decoding=\"async\" width=\"244\" height=\"300\" src=\"https:\/\/www.saskiavonhoegen.de\/wp-content\/uploads\/2019\/11\/Lea-Foto-244x300.png\" alt=\"\" class=\"wp-image-4114\" srcset=\"https:\/\/www.saskiavonhoegen.de\/wp-content\/uploads\/2019\/11\/Lea-Foto-244x300.png 244w, https:\/\/www.saskiavonhoegen.de\/wp-content\/uploads\/2019\/11\/Lea-Foto-768x945.png 768w, https:\/\/www.saskiavonhoegen.de\/wp-content\/uploads\/2019\/11\/Lea-Foto-832x1024.png 832w, https:\/\/www.saskiavonhoegen.de\/wp-content\/uploads\/2019\/11\/Lea-Foto.png 841w\" sizes=\"auto, (max-width: 244px) 100vw, 244px\" \/><\/figure>\n<\/div>\n\n\n<p>Lea Meissner  hizo el Master de Estudios Escandinavos y del Norte de Europa en la Humboldt Universidad en Berl\u00edn. Debido a su gran inter\u00e9s en la literatura, inicialmente lleg\u00f3 a la agencia como becaria. Desde el 2019 forma parte del equipo.<\/p>\n\n\n\n<p><\/p>\n\n\n\n<div style=\"height:40px\" aria-hidden=\"true\" class=\"wp-block-spacer\"><\/div>\n\n\n\n<p><strong>Kristina Frenzel para SvH. <\/strong><\/p>\n\n\n<div class=\"wp-block-image\">\n<figure class=\"alignleft size-large\"><img decoding=\"async\" src=\"https:\/\/www.saskiavonhoegen.de\/wp-content\/uploads\/2014\/11\/kf_portrait_svh-sw.jpg\" alt=\"portrait kf\"\/><\/figure>\n<\/div>\n\n\n<p> Kristina Frenzel es editora freelance, redactora y coach&nbsp; (<a href=\"http:\/\/www.textarbeit-redaktion.de\">www.textarbeit-redaktion.de<\/a>). Trabaja para editoriales, revistas,&nbsp; agencias y clientes privados. Desde el 2012 colabora con la agencia literaria SvH Literarische Agentur.<\/p>\n\n\n\n<div style=\"height:40px\" aria-hidden=\"true\" class=\"wp-block-spacer\"><\/div>\n\n\n\n<div class=\"wp-block-buttons is-layout-flex wp-block-buttons-is-layout-flex\">\n<div class=\"wp-block-button is-style-outline is-style-outline--1\"><a class=\"wp-block-button__link wp-element-button\" href=\"https:\/\/www.saskiavonhoegen.de\/es\/contact\/\">Contactarnos<\/a><\/div>\n<\/div>\n<\/div>\n\n\n\n<div class=\"wp-block-column is-layout-flow wp-block-column-is-layout-flow\" style=\"flex-basis:50%\">\n<h3 class=\"wp-block-heading has-text-align-center\">T\u00edtulos<\/h3>\n\n\n\n<div class=\"wp-block-group\"><div class=\"wp-block-group__inner-container is-layout-flow wp-block-group-is-layout-flow\">\n<h4 class=\"wp-block-heading has-text-align-center\">Literatura adultos<\/h4>\n\n\n\n<ul class=\"has-background wp-block-list\" style=\"background:linear-gradient(135deg,rgb(238,238,238) 58%,rgb(169,184,195) 100%)\">\n<li><strong>Selva Almada<br><\/strong><em>De steenbakkers van El Chaco<\/em>, Meulenhoff (NL) 2015<\/li>\n\n\n\n<li><strong>Mar\u00eda Teresa Andruetto<\/strong><br><em>Wer war Eva Mondino<\/em>, Rotpunktverlag 2010<\/li>\n\n\n\n<li><strong>\u00c1ngels Do\u00f1ate<\/strong><br>Der sch\u00f6nste Grund Briefe zu schreiben, Thiele Verlag 2016<\/li>\n\n\n\n<li><strong>Ildefonso Falcones<\/strong><br><em>Die Kathedrale des Meeres<\/em>, Fischer\/Scherz 2007<\/li>\n\n\n\n<li><strong>Natalio Grueso<br><\/strong><em>Der W\u00f6rterschmuggler<\/em>, Hoffmann und Campe\/Atlantik 2014<br><em>Woody Allen. Ein ganz pers\u00f6nlicher Blick auf das Filmgenie<\/em>, Hoffmann und Campe\/Atlantik 2014<\/li>\n\n\n\n<li><strong>Eduardo Halfon<\/strong><br><em>Der polnische Boxer<\/em>, Hanser 2014<\/li>\n\n\n\n<li><strong>Antje Joel<\/strong><br><em>Pr\u00fcgel. Eine ganz gew\u00f6hnliche Geschichte h\u00e4uslicher Gewalt, Rowohlt 2020<\/em>&nbsp;<em>Jagd. Unsere Vers\u00f6hnung mit der Natur<\/em>, Rowohlt 2018<\/li>\n\n\n\n<li><strong>Francesc Miralles<\/strong><br><em>Samuel und die Liebe zu den kleinen Dingen<\/em>, Ullstein\/List 2008<br><em>Daniel und die Suche nach dem Gl\u00fcck<\/em>, Ullstein\/List 2010<br><em>Das unvollkommene Leben oder wie das Gl\u00fcck zu Samuel fand<\/em>, Ullstein\/List 2015<\/li>\n\n\n\n<li><strong>Francesc Miralles und \u00c0lex Rovira<\/strong><br><em>Einsteins Versprechen<\/em>, Ullstein\/List 2011<br><em>Der Sternenf\u00e4nger<\/em>, Ullstein\/List 2013, Diederichs 2021<\/li>\n\n\n\n<li><strong>Francesc Miralles &amp; H\u00e9ctor Garc\u00eda&nbsp;<\/strong> <em>IKIGAI<\/em>,&nbsp;Boekerij (NL) 2016<br>IKIGAI Allegria (D) 2016<br><em>Vind je IKIGAI<\/em>&nbsp;Boekerij (NL) 2017<br><em>Finde dein IKIGA<\/em>I, Allegria (D) 2018<br><em>ICHIGO ICHIE<\/em>&nbsp;Boekerij (NL) 2018&nbsp;<em>ICHIGO ICHIE<\/em> Allegria (D) 2019&nbsp; &nbsp; &nbsp; &nbsp;<em>De kleine IKIGAI&nbsp;<\/em>Boekerij (NL) 2020<\/li>\n\n\n\n<li><strong>Natalia Sanmartin<\/strong><br><em>Das Erwachen der Se\u00f1orita Prim<\/em>, Thiele Verlag 2013<\/li>\n\n\n\n<li><strong>Care Santos<\/strong><br><em>Das Geheimnis der Venus<\/em>, Droemer Knaur, 2010<br><em>Die Geister schweigen<\/em>, Fischer 2012<br><em>Der Duft der Tr\u00e4ume<\/em>, L\u00fcbbe 2015<\/li>\n<\/ul>\n\n\n\n<h4 class=\"wp-block-heading has-text-align-center\">F\u00fcr Kinder und Jugendliche<\/h4>\n\n\n\n<ul class=\"has-background wp-block-list\" style=\"background:linear-gradient(135deg,rgb(255,245,203) 0%,rgb(182,227,212) 73%,rgb(51,167,181) 100%)\">\n<li><strong>Sonia Fern\u00e1ndez-Vidal<\/strong><br><em>Nikos Reise durch Raum und Zeit<\/em>, Hanser Jugendbuch 2013<br><em>Quantic Love, <\/em>Hanser Jugendbuch 2014<\/li>\n\n\n\n<li><strong>Laura Gallego<\/strong><br><em>Die Kaiserin des blauen Lichts<\/em>, dtv junior 2009<\/li>\n\n\n\n<li><strong>In\u00e9s Garland<\/strong><br><em>Wie ein unsichtbares Band<\/em>, Fischer KJB 2013 &#8211; <a title=\"In\u00e9s Garland \u2013 Deutscher Jugendliteraturpreis 2014\" href=\"https:\/\/www.saskiavonhoegen.de\/ines-garland-deutscher-jugendliteraturpreis-2014\/\" target=\"_blank\" rel=\"noopener noreferrer\">Deutscher Jugendliteraturpreis 2014<br><\/a><em>In den Augen der Nacht<\/em>, Fischer KJB 2015<\/li>\n\n\n\n<li><strong>Carolin Hristev <\/strong> Keiner zwischen uns \u00dcberreuter 2021<\/li>\n\n\n\n<li><strong>Francesc Miralles<\/strong><br><em>Retrum<\/em>, Loewe Verlag, Beltz\/Gulliver, 2012<br><em>Retrum und der schwarze Schnee<\/em>, Beltz\/Gulliver 2014<\/li>\n\n\n\n<li><strong>Adriana Stern<\/strong><br><em>Und frei bist Du noch lange nicht\u2026<\/em>., Ariella Verlag 2016<\/li>\n<\/ul>\n<\/div><\/div>\n<\/div>\n<\/div>\n","protected":false},"excerpt":{"rendered":"<p>La agencia La agencia literaria SvH Literarische Agentur con sede en Berlin representa a autores alemanes e hispanoparlantes a nivel mundial. Estamos especializados en literatura para adultos, jovenes y ni\u00f1os. Buscamos voces originales e historias bien contadas y nuestra funci\u00f3n como agente es apoyar a autores en su carrera literaria. Para ello contamos con larga &#8230; <a href=\"https:\/\/www.saskiavonhoegen.de\/es\/agencia-saskia-von-hoegen\/\" class=\"more-link\">m\u00e1s <span class=\"screen-reader-text\">about  La Agencia Saskia von Hoegen<\/span><\/a><\/p>\n","protected":false},"author":2,"featured_media":3713,"parent":0,"menu_order":0,"comment_status":"closed","ping_status":"closed","template":"","meta":{"_genesis_hide_title":false,"_genesis_hide_breadcrumbs":false,"_genesis_hide_singular_image":false,"_genesis_hide_footer_widgets":false,"_genesis_custom_body_class":"","_genesis_custom_post_class":"","_genesis_layout":"full-width-content","footnotes":""},"class_list":{"0":"post-1581","1":"page","2":"type-page","3":"status-publish","4":"has-post-thumbnail","6":"entry"},"_links":{"self":[{"href":"https:\/\/www.saskiavonhoegen.de\/es\/wp-json\/wp\/v2\/pages\/1581","targetHints":{"allow":["GET"]}}],"collection":[{"href":"https:\/\/www.saskiavonhoegen.de\/es\/wp-json\/wp\/v2\/pages"}],"about":[{"href":"https:\/\/www.saskiavonhoegen.de\/es\/wp-json\/wp\/v2\/types\/page"}],"author":[{"embeddable":true,"href":"https:\/\/www.saskiavonhoegen.de\/es\/wp-json\/wp\/v2\/users\/2"}],"replies":[{"embeddable":true,"href":"https:\/\/www.saskiavonhoegen.de\/es\/wp-json\/wp\/v2\/comments?post=1581"}],"version-history":[{"count":1,"href":"https:\/\/www.saskiavonhoegen.de\/es\/wp-json\/wp\/v2\/pages\/1581\/revisions"}],"predecessor-version":[{"id":5430,"href":"https:\/\/www.saskiavonhoegen.de\/es\/wp-json\/wp\/v2\/pages\/1581\/revisions\/5430"}],"wp:featuredmedia":[{"embeddable":true,"href":"https:\/\/www.saskiavonhoegen.de\/es\/wp-json\/wp\/v2\/media\/3713"}],"wp:attachment":[{"href":"https:\/\/www.saskiavonhoegen.de\/es\/wp-json\/wp\/v2\/media?parent=1581"}],"curies":[{"name":"wp","href":"https:\/\/api.w.org\/{rel}","templated":true}]}}