{"id":754,"date":"2014-03-26T09:52:19","date_gmt":"2014-03-26T08:52:19","guid":{"rendered":"http:\/\/www.saskiavonhoegen.de\/lit-2\/"},"modified":"2021-06-16T14:49:06","modified_gmt":"2021-06-16T12:49:06","slug":"lit","status":"publish","type":"page","link":"https:\/\/www.saskiavonhoegen.de\/es\/lit\/","title":{"rendered":"Clientes"},"content":{"rendered":"\n<p>Die Agentur Saskia von Hoegen vertritt folgende Verlage und Agenturen &#8230;<\/p>\n\n\n\n<h3 class=\"wp-block-heading\">Agenturen und Verlage f\u00fcr Erwachsenenliteratur<\/h3>\n\n\n\n<ul class=\"wp-block-list\"><li>Sandra Bruna agencia literaria<\/li><li>DOSPASSOS agencia literaria y comunicaci\u00f3n<\/li><li>Rolling words agencia literaria<\/li><li>Editorial Pre-Textos<\/li><li>Singel uitgeverijen (selected titles)<\/li><\/ul>\n\n\n\n<h3 class=\"wp-block-heading\">Agenturen und Verlage f\u00fcr Kinder- und Jugendliteratur<\/h3>\n\n\n\n<ul class=\"wp-block-list\"><li><a href=\"http:\/\/www.antoniakerrigan.com\/\">Antonia Kerrigan agencia literaria<\/a><\/li><li>Base Tres agencia literaria<\/li><li>CBQ agencia literaria<\/li><li>Sandra Bruna agencia literaria<\/li><li>DOSPASSOS agencia literaria y comunicaci\u00f3n<\/li><li>Rolling words agencia literaria<\/li><li>Singel uitgeverijen (selected titles)<\/li><\/ul>\n","protected":false},"excerpt":{"rendered":"<p>Die Agentur Saskia von Hoegen vertritt folgende Verlage und Agenturen &#8230; Agenturen und Verlage f\u00fcr Erwachsenenliteratur Sandra Bruna agencia literaria DOSPASSOS agencia literaria y comunicaci\u00f3n Rolling words agencia literaria Editorial Pre-Textos Singel uitgeverijen (selected titles) Agenturen und Verlage f\u00fcr Kinder- und Jugendliteratur Antonia Kerrigan agencia literaria Base Tres agencia literaria CBQ agencia literaria Sandra Bruna &#8230; <a href=\"https:\/\/www.saskiavonhoegen.de\/es\/lit\/\" class=\"more-link\">m\u00e1s <span class=\"screen-reader-text\">about  Clientes<\/span><\/a><\/p>\n","protected":false},"author":2,"featured_media":3685,"parent":0,"menu_order":0,"comment_status":"closed","ping_status":"closed","template":"","meta":{"_genesis_hide_title":false,"_genesis_hide_breadcrumbs":false,"_genesis_hide_singular_image":false,"_genesis_hide_footer_widgets":false,"_genesis_custom_body_class":"","_genesis_custom_post_class":"","_genesis_layout":"full-width-content","footnotes":""},"class_list":{"0":"post-754","1":"page","2":"type-page","3":"status-publish","4":"has-post-thumbnail","6":"entry"},"_links":{"self":[{"href":"https:\/\/www.saskiavonhoegen.de\/es\/wp-json\/wp\/v2\/pages\/754","targetHints":{"allow":["GET"]}}],"collection":[{"href":"https:\/\/www.saskiavonhoegen.de\/es\/wp-json\/wp\/v2\/pages"}],"about":[{"href":"https:\/\/www.saskiavonhoegen.de\/es\/wp-json\/wp\/v2\/types\/page"}],"author":[{"embeddable":true,"href":"https:\/\/www.saskiavonhoegen.de\/es\/wp-json\/wp\/v2\/users\/2"}],"replies":[{"embeddable":true,"href":"https:\/\/www.saskiavonhoegen.de\/es\/wp-json\/wp\/v2\/comments?post=754"}],"version-history":[{"count":0,"href":"https:\/\/www.saskiavonhoegen.de\/es\/wp-json\/wp\/v2\/pages\/754\/revisions"}],"wp:featuredmedia":[{"embeddable":true,"href":"https:\/\/www.saskiavonhoegen.de\/es\/wp-json\/wp\/v2\/media\/3685"}],"wp:attachment":[{"href":"https:\/\/www.saskiavonhoegen.de\/es\/wp-json\/wp\/v2\/media?parent=754"}],"curies":[{"name":"wp","href":"https:\/\/api.w.org\/{rel}","templated":true}]}}